{"id":6510,"date":"2018-02-09T14:08:22","date_gmt":"2018-02-09T14:08:22","guid":{"rendered":"https:\/\/www.shorexiceland.is\/?page_id=6510"},"modified":"2018-02-21T12:44:12","modified_gmt":"2018-02-21T12:44:12","slug":"off-beaten-track","status":"publish","type":"page","link":"https:\/\/shorexiceland.is\/wordpress\/groups\/off-beaten-track\/","title":{"rendered":"Off the Beaten Track"},"content":{"rendered":"<p>[vc_row full_width=&#8221;stretch_row_content&#8221;][vc_column][vc_custom_heading text=&#8221;Off the Beaten Track&#8221; font_container=&#8221;tag:h2|font_size:35|text_align:center&#8221; google_fonts=&#8221;font_family:Droid%20Sans%3Aregular%2C700|font_style:400%20regular%3A400%3Anormal&#8221;][vc_custom_heading text=&#8221;Operated from Akureyri&#8221; font_container=&#8221;tag:h3|font_size:27|text_align:center|color:%231160ab&#8221; google_fonts=&#8221;font_family:Droid%20Sans%3Aregular%2C700|font_style:400%20regular%3A400%3Anormal&#8221;][\/vc_column][\/vc_row][vc_row][vc_column width=&#8221;2\/3&#8243;][mvc_price_listing price_title=&#8221;Duration&#8221; price_amount=&#8221;7,5&#8243; price_plan=&#8221;hours&#8221; top_bg=&#8221;#1160ab&#8221; btn_text=&#8221;Contact us for pricing&#8221; btn_url=&#8221;https:\/\/www.shorexiceland.is\/groups\/&#8221;]<\/p>\n<ul>\n<li>\n<h3><strong>Includes:<\/strong><\/h3>\n<\/li>\n<li>Coach<\/li>\n<li>Guide<\/li>\n<\/ul>\n<p>[\/mvc_price_listing][vc_empty_space][vc_custom_heading text=&#8221;Highlights and point of interest:&#8221; font_container=&#8221;tag:h2|font_size:28|text_align:center&#8221; google_fonts=&#8221;font_family:Droid%20Sans%3Aregular%2C700|font_style:400%20regular%3A400%3Anormal&#8221;][vc_custom_heading text=&#8221;Vaglask\u00f3gur &#8211; Aldeyjarfoss Waterfall &#8211; Lake M\u00fdvatn &#8211; Nature &#8211; Geology &#8211; Scenery&#8221; font_container=&#8221;tag:h3|font_size:22|text_align:center|color:%231160ab&#8221; google_fonts=&#8221;font_family:Droid%20Sans%3Aregular%2C700|font_style:400%20regular%3A400%3Anormal&#8221;][vc_empty_space][vc_column_text]Those who dare to venture off the beaten track often find obscure treasures which are hidden to those that follow the common route. Our 4&#215;4 Super vehicles offer the opportunity to embark on such a journey.<\/p>\n<p>Departing from Akureyri our Super truck takes us first to Go\u00f0afoss \u201cWaterfall of the Gods\u201d one of Iceland\u2019s most beautiful waterfall, here we will take our time to enjoy the waterfall and learn a little of its interesting history.<\/p>\n<p>We will continue on to the magical Lake M\u00fdvatn. Once there we will drive \u201coff the beaten track\u201d to reach the old crater L\u00fadent where we will enjoy the incredible view from its rim over the surrounding area, before enjoying a 2-course lunch at a local restaurant. At the Lake M\u00fdvatn area, we will explore selected attractions and photo stops.<\/p>\n<p>As our journey continues we drive through a remote health and valley until we reach B\u00e1r\u00f0ardalur Valley, where Skj\u00e1lfandaflj\u00f3t River \u2013 a white glacial river originating from Vatnaj\u00f6kull glacier, (the largest ice cap in Iceland) runs down the valley. It runs across the highlands, carving out magnificent riverbeds on its way. Situated at the edge of the Highlands we find the breathtaking Aldeyjarfoss Waterfall, where whitewater cascades from a high cliff into a ravine lined with black basalt columns.<\/p>\n<p>From the waterfall, we\u2019ll drive down the valley and towards Akureyri, on the way, we will drive through a birch and flowered covered area named Vaglask\u00f3gur forest. Here we\u2019ll take a brief photo stop and enjoy the sounds of birds singing and leaves rustling if wanted.<\/p>\n<p>We reserve the right to reverse the itinerary if necessary. Views are subject to weather patterns.[\/vc_column_text][vc_empty_space][\/vc_column][vc_column width=&#8221;1\/3&#8243;][vc_single_image image=&#8221;4623&#8243; img_size=&#8221;&#8221; alignment=&#8221;center&#8221; onclick=&#8221;link_image&#8221;][vc_single_image image=&#8221;6511&#8243; img_size=&#8221;&#8221; alignment=&#8221;center&#8221; onclick=&#8221;link_image&#8221;][vc_single_image image=&#8221;6512&#8243; img_size=&#8221;&#8221; alignment=&#8221;center&#8221; onclick=&#8221;link_image&#8221;][vc_single_image image=&#8221;6513&#8243; img_size=&#8221;&#8221; alignment=&#8221;center&#8221; onclick=&#8221;link_image&#8221;][vc_single_image image=&#8221;4622&#8243; img_size=&#8221;&#8221; alignment=&#8221;center&#8221; onclick=&#8221;link_image&#8221;][\/vc_column][\/vc_row]<\/p>\n","protected":false},"excerpt":{"rendered":"<p>[vc_row full_width=&#8221;stretch_row_content&#8221;][vc_column][vc_custom_heading text=&#8221;Off the Beaten Track&#8221; font_container=&#8221;tag:h2|font_size:35|text_align:center&#8221; google_fonts=&#8221;font_family:Droid%20Sans%3Aregular%2C700|font_style:400%20regular%3A400%3Anormal&#8221;][vc_custom_heading text=&#8221;Operated from Akureyri&#8221; font_container=&#8221;tag:h3|font_size:27|text_align:center|color:%231160ab&#8221; google_fonts=&#8221;font_family:Droid%20Sans%3Aregular%2C700|font_style:400%20regular%3A400%3Anormal&#8221;][\/vc_column][\/vc_row][vc_row][vc_column width=&#8221;2\/3&#8243;][mvc_price_listing price_title=&#8221;Duration&#8221; price_amount=&#8221;7,5&#8243; price_plan=&#8221;hours&#8221; top_bg=&#8221;#1160ab&#8221; btn_text=&#8221;Contact us for pricing&#8221; btn_url=&#8221;https:\/\/www.shorexiceland.is\/groups\/&#8221;] Includes: Coach Guide [\/mvc_price_listing][vc_empty_space][vc_custom_heading text=&#8221;Highlights and point of interest:&#8221; font_container=&#8221;tag:h2|font_size:28|text_align:center&#8221; google_fonts=&#8221;font_family:Droid%20Sans%3Aregular%2C700|font_style:400%20regular%3A400%3Anormal&#8221;][vc_custom_heading text=&#8221;Vaglask\u00f3gur &#8211; Aldeyjarfoss Waterfall &#8211; Lake M\u00fdvatn &#8211; Nature &#8211; Geology &#8211; Scenery&#8221; font_container=&#8221;tag:h3|font_size:22|text_align:center|color:%231160ab&#8221; google_fonts=&#8221;font_family:Droid%20Sans%3Aregular%2C700|font_style:400%20regular%3A400%3Anormal&#8221;][vc_empty_space][vc_column_text]Those who dare to venture off the beaten track often find obscure treasures which are hidden to those that follow the common route. Our 4&#215;4 Super vehicles offer the opportunity to embark on such a journey. Departing from Akureyri our Super truck takes us first to Go\u00f0afoss \u201cWaterfall of the Gods\u201d one of Iceland\u2019s most beautiful waterfall, here we will take our time to enjoy the waterfall and learn a little of its interesting history. We will continue on to the magical Lake M\u00fdvatn. Once there we will drive \u201coff the beaten track\u201d to reach the old crater L\u00fadent where we will enjoy the incredible view from its rim over the surrounding area, before enjoying a 2-course lunch at a local restaurant. At the Lake M\u00fdvatn area, we will explore selected attractions and photo stops. As our journey continues we drive through a remote health and valley until we reach B\u00e1r\u00f0ardalur Valley, where Skj\u00e1lfandaflj\u00f3t River \u2013 a white glacial river originating from Vatnaj\u00f6kull glacier, (the largest ice cap in Iceland) runs down the valley. It runs across the highlands, carving out magnificent riverbeds on its way. Situated at the edge of the Highlands we find the breathtaking Aldeyjarfoss Waterfall, where whitewater cascades from a high cliff into a ravine lined with black basalt columns. From the waterfall, we\u2019ll drive down the valley and towards Akureyri, on the way, we will drive through a birch and flowered covered area named Vaglask\u00f3gur forest. Here we\u2019ll take a brief photo stop and enjoy the sounds of birds singing and leaves rustling if wanted. We reserve the right to reverse the itinerary if necessary. Views are subject to weather patterns.[\/vc_column_text][vc_empty_space][\/vc_column][vc_column width=&#8221;1\/3&#8243;][vc_single_image image=&#8221;4623&#8243; img_size=&#8221;&#8221; alignment=&#8221;center&#8221; onclick=&#8221;link_image&#8221;][vc_single_image image=&#8221;6511&#8243; img_size=&#8221;&#8221; alignment=&#8221;center&#8221; onclick=&#8221;link_image&#8221;][vc_single_image image=&#8221;6512&#8243; img_size=&#8221;&#8221; alignment=&#8221;center&#8221; onclick=&#8221;link_image&#8221;][vc_single_image image=&#8221;6513&#8243; img_size=&#8221;&#8221; alignment=&#8221;center&#8221; onclick=&#8221;link_image&#8221;][vc_single_image image=&#8221;4622&#8243; img_size=&#8221;&#8221; alignment=&#8221;center&#8221; onclick=&#8221;link_image&#8221;][\/vc_column][\/vc_row]<\/p>\n","protected":false},"author":5,"featured_media":0,"parent":5618,"menu_order":0,"comment_status":"closed","ping_status":"closed","template":"","meta":{"content-type":"","footnotes":""},"class_list":["post-6510","page","type-page","status-publish","hentry"],"yoast_head":"<!-- This site is optimized with the Yoast SEO plugin v27.3 - https:\/\/yoast.com\/product\/yoast-seo-wordpress\/ -->\n<title>Go off-road and travel with a 4x4 super jeep<\/title>\n<meta name=\"description\" content=\"Those who dare to venture off the beaten track often find obscure treasures which are hidden to those that follow the common route.\" \/>\n<meta name=\"robots\" content=\"index, follow, max-snippet:-1, max-image-preview:large, max-video-preview:-1\" \/>\n<link rel=\"canonical\" href=\"https:\/\/shorexiceland.is\/wordpress\/groups\/off-beaten-track\/\" \/>\n<meta property=\"og:locale\" content=\"en_US\" \/>\n<meta property=\"og:type\" content=\"article\" \/>\n<meta property=\"og:title\" content=\"Go off-road and travel with a 4x4 super jeep\" \/>\n<meta property=\"og:description\" content=\"Those who dare to venture off the beaten track often find obscure treasures which are hidden to those that follow the common route.\" \/>\n<meta property=\"og:url\" content=\"https:\/\/shorexiceland.is\/wordpress\/groups\/off-beaten-track\/\" \/>\n<meta property=\"og:site_name\" content=\"My CMS\" \/>\n<meta property=\"article:publisher\" content=\"https:\/\/www.facebook.com\/shorexiceland\" \/>\n<meta property=\"article:modified_time\" content=\"2018-02-21T12:44:12+00:00\" \/>\n<meta name=\"twitter:card\" content=\"summary_large_image\" \/>\n<meta name=\"twitter:site\" content=\"@ShorexIceland\" \/>\n<meta name=\"twitter:label1\" content=\"Est. reading time\" \/>\n\t<meta name=\"twitter:data1\" content=\"3 minutes\" \/>\n<script type=\"application\/ld+json\" class=\"yoast-schema-graph\">{\"@context\":\"https:\\\/\\\/schema.org\",\"@graph\":[{\"@type\":\"WebPage\",\"@id\":\"https:\\\/\\\/shorexiceland.is\\\/wordpress\\\/groups\\\/off-beaten-track\\\/\",\"url\":\"https:\\\/\\\/shorexiceland.is\\\/wordpress\\\/groups\\\/off-beaten-track\\\/\",\"name\":\"Go off-road and travel with a 4x4 super jeep\",\"isPartOf\":{\"@id\":\"https:\\\/\\\/shorexiceland.is\\\/wordpress\\\/#website\"},\"datePublished\":\"2018-02-09T14:08:22+00:00\",\"dateModified\":\"2018-02-21T12:44:12+00:00\",\"description\":\"Those who dare to venture off the beaten track often find obscure treasures which are hidden to those that follow the common route.\",\"breadcrumb\":{\"@id\":\"https:\\\/\\\/shorexiceland.is\\\/wordpress\\\/groups\\\/off-beaten-track\\\/#breadcrumb\"},\"inLanguage\":\"en-US\",\"potentialAction\":[{\"@type\":\"ReadAction\",\"target\":[\"https:\\\/\\\/shorexiceland.is\\\/wordpress\\\/groups\\\/off-beaten-track\\\/\"]}]},{\"@type\":\"BreadcrumbList\",\"@id\":\"https:\\\/\\\/shorexiceland.is\\\/wordpress\\\/groups\\\/off-beaten-track\\\/#breadcrumb\",\"itemListElement\":[{\"@type\":\"ListItem\",\"position\":1,\"name\":\"Home\",\"item\":\"https:\\\/\\\/shorexiceland.is\\\/wordpress\\\/\"},{\"@type\":\"ListItem\",\"position\":2,\"name\":\"Groups &#038; Private Tours\",\"item\":\"https:\\\/\\\/shorexiceland.is\\\/wordpress\\\/groups\\\/\"},{\"@type\":\"ListItem\",\"position\":3,\"name\":\"Off the Beaten Track\"}]},{\"@type\":\"WebSite\",\"@id\":\"https:\\\/\\\/shorexiceland.is\\\/wordpress\\\/#website\",\"url\":\"https:\\\/\\\/shorexiceland.is\\\/wordpress\\\/\",\"name\":\"My CMS\",\"description\":\"Iceland Shore Excursions\",\"potentialAction\":[{\"@type\":\"SearchAction\",\"target\":{\"@type\":\"EntryPoint\",\"urlTemplate\":\"https:\\\/\\\/shorexiceland.is\\\/wordpress\\\/?s={search_term_string}\"},\"query-input\":{\"@type\":\"PropertyValueSpecification\",\"valueRequired\":true,\"valueName\":\"search_term_string\"}}],\"inLanguage\":\"en-US\"}]}<\/script>\n<!-- \/ Yoast SEO plugin. -->","yoast_head_json":{"title":"Go off-road and travel with a 4x4 super jeep","description":"Those who dare to venture off the beaten track often find obscure treasures which are hidden to those that follow the common route.","robots":{"index":"index","follow":"follow","max-snippet":"max-snippet:-1","max-image-preview":"max-image-preview:large","max-video-preview":"max-video-preview:-1"},"canonical":"https:\/\/shorexiceland.is\/wordpress\/groups\/off-beaten-track\/","og_locale":"en_US","og_type":"article","og_title":"Go off-road and travel with a 4x4 super jeep","og_description":"Those who dare to venture off the beaten track often find obscure treasures which are hidden to those that follow the common route.","og_url":"https:\/\/shorexiceland.is\/wordpress\/groups\/off-beaten-track\/","og_site_name":"My CMS","article_publisher":"https:\/\/www.facebook.com\/shorexiceland","article_modified_time":"2018-02-21T12:44:12+00:00","twitter_card":"summary_large_image","twitter_site":"@ShorexIceland","twitter_misc":{"Est. reading time":"3 minutes"},"schema":{"@context":"https:\/\/schema.org","@graph":[{"@type":"WebPage","@id":"https:\/\/shorexiceland.is\/wordpress\/groups\/off-beaten-track\/","url":"https:\/\/shorexiceland.is\/wordpress\/groups\/off-beaten-track\/","name":"Go off-road and travel with a 4x4 super jeep","isPartOf":{"@id":"https:\/\/shorexiceland.is\/wordpress\/#website"},"datePublished":"2018-02-09T14:08:22+00:00","dateModified":"2018-02-21T12:44:12+00:00","description":"Those who dare to venture off the beaten track often find obscure treasures which are hidden to those that follow the common route.","breadcrumb":{"@id":"https:\/\/shorexiceland.is\/wordpress\/groups\/off-beaten-track\/#breadcrumb"},"inLanguage":"en-US","potentialAction":[{"@type":"ReadAction","target":["https:\/\/shorexiceland.is\/wordpress\/groups\/off-beaten-track\/"]}]},{"@type":"BreadcrumbList","@id":"https:\/\/shorexiceland.is\/wordpress\/groups\/off-beaten-track\/#breadcrumb","itemListElement":[{"@type":"ListItem","position":1,"name":"Home","item":"https:\/\/shorexiceland.is\/wordpress\/"},{"@type":"ListItem","position":2,"name":"Groups &#038; Private Tours","item":"https:\/\/shorexiceland.is\/wordpress\/groups\/"},{"@type":"ListItem","position":3,"name":"Off the Beaten Track"}]},{"@type":"WebSite","@id":"https:\/\/shorexiceland.is\/wordpress\/#website","url":"https:\/\/shorexiceland.is\/wordpress\/","name":"My CMS","description":"Iceland Shore Excursions","potentialAction":[{"@type":"SearchAction","target":{"@type":"EntryPoint","urlTemplate":"https:\/\/shorexiceland.is\/wordpress\/?s={search_term_string}"},"query-input":{"@type":"PropertyValueSpecification","valueRequired":true,"valueName":"search_term_string"}}],"inLanguage":"en-US"}]}},"_links":{"self":[{"href":"https:\/\/shorexiceland.is\/wordpress\/wp-json\/wp\/v2\/pages\/6510","targetHints":{"allow":["GET"]}}],"collection":[{"href":"https:\/\/shorexiceland.is\/wordpress\/wp-json\/wp\/v2\/pages"}],"about":[{"href":"https:\/\/shorexiceland.is\/wordpress\/wp-json\/wp\/v2\/types\/page"}],"author":[{"embeddable":true,"href":"https:\/\/shorexiceland.is\/wordpress\/wp-json\/wp\/v2\/users\/5"}],"replies":[{"embeddable":true,"href":"https:\/\/shorexiceland.is\/wordpress\/wp-json\/wp\/v2\/comments?post=6510"}],"version-history":[{"count":2,"href":"https:\/\/shorexiceland.is\/wordpress\/wp-json\/wp\/v2\/pages\/6510\/revisions"}],"predecessor-version":[{"id":6515,"href":"https:\/\/shorexiceland.is\/wordpress\/wp-json\/wp\/v2\/pages\/6510\/revisions\/6515"}],"up":[{"embeddable":true,"href":"https:\/\/shorexiceland.is\/wordpress\/wp-json\/wp\/v2\/pages\/5618"}],"wp:attachment":[{"href":"https:\/\/shorexiceland.is\/wordpress\/wp-json\/wp\/v2\/media?parent=6510"}],"curies":[{"name":"wp","href":"https:\/\/api.w.org\/{rel}","templated":true}]}}